{"id":50639,"date":"2022-07-13T13:05:30","date_gmt":"2022-07-13T13:05:30","guid":{"rendered":"https:\/\/fundimgjepali.com\/blog\/"},"modified":"2022-08-04T18:51:59","modified_gmt":"2022-08-04T18:51:59","slug":"blog","status":"publish","type":"page","link":"https:\/\/fundimgjepali.com\/it\/blog\/","title":{"rendered":"Blog"},"content":{"rendered":"\n[et_pb_section fb_built=&#8221;1&#8243; _builder_version=&#8221;4.17.4&#8243; background_color=&#8221;#ededed&#8221; custom_padding=&#8221;80px|0px|80px|0px|true|false&#8221; global_colors_info=&#8221;{}&#8221;][et_pb_row _builder_version=&#8221;4.16&#8243; global_colors_info=&#8221;{}&#8221;][et_pb_column type=&#8221;4_4&#8243; _builder_version=&#8221;4.16&#8243; custom_padding=&#8221;|||&#8221; global_colors_info=&#8221;{}&#8221; custom_padding__hover=&#8221;|||&#8221;][et_pb_blurb use_icon=&#8221;on&#8221; font_icon=&#8221;&#x69;||divi||400&#8243; icon_color=&#8221;#383838&#8243; image_icon_background_color=&#8221;#d1aa0f&#8221; image_icon_width=&#8221;45px&#8221; _builder_version=&#8221;4.17.4&#8243; header_font=&#8221;Nunito Sans|700|||||||&#8221; header_text_align=&#8221;center&#8221; header_text_color=&#8221;#297FCA&#8221; header_font_size=&#8221;20px&#8221; body_font=&#8221;Nunito Sans||||||||&#8221; body_text_align=&#8221;center&#8221; body_text_color=&#8221;#5499D4&#8243; body_font_size=&#8221;16px&#8221; image_icon_custom_padding=&#8221;25px|25px|25px|25px|false|false&#8221; animation=&#8221;off&#8221; hover_enabled=&#8221;0&#8243; custom_css_main_element=&#8221;z-index:99999 !important;&#8221; border_radii_image=&#8221;on|100%|100%|100%|100%&#8221; border_width_all_image=&#8221;3px&#8221; border_color_all_image=&#8221;#000000&#8243; icon_font_size=&#8221;45px&#8221; use_circle=&#8221;on&#8221; use_circle_border=&#8221;on&#8221; circle_border_color=&#8221;#ededed&#8221; circle_color=&#8221;#ededed&#8221; global_colors_info=&#8221;{}&#8221; image_icon_background_color__sticky_enabled=&#8221;#7EBEC5&#8243; image_icon_background_color__sticky=&#8221;#7EBEC5&#8243; sticky_enabled=&#8221;0&#8243;][\/et_pb_blurb][et_pb_text _builder_version=&#8221;4.17.4&#8243; text_font=&#8221;Roboto|300|||||||&#8221; text_text_color=&#8221;#000000&#8243; text_font_size=&#8221;15px&#8221; text_line_height=&#8221;1.8em&#8221; header_font=&#8221;Poppins|700|||||||&#8221; header_text_color=&#8221;#000000&#8243; header_line_height=&#8221;1.3em&#8221; background_color=&#8221;#d1aa0f&#8221; custom_margin=&#8221;-112px||&#8221; custom_padding=&#8221;50px|50px|50px|50px|true|true&#8221; custom_padding_tablet=&#8221;&#8221; custom_padding_phone=&#8221;80px||&#8221; custom_padding_last_edited=&#8221;on|desktop&#8221; header_font_size_tablet=&#8221;&#8221; header_font_size_phone=&#8221;25px&#8221; header_font_size_last_edited=&#8221;on|desktop&#8221; border_width_all=&#8221;2px&#8221; border_color_all=&#8221;#000000&#8243; global_colors_info=&#8221;{}&#8221;]<h1>Due parole per il Blog<\/h1>\n<p>Cari amici, il blog https:\/\/www.fundimgjepali.com\/ \u00e8 stato concepito come uno spazio virtuale per essere pi\u00f9 vicino a voi.<br \/>Ho pensato di venire su questo sito, aiutarvi e servire ricette interessanti con le mie specialit\u00e0.<br \/>Ma d&#8217;altra parte condivideremo insieme anche le esperienze degli altri in cucina. Criticheremo per migliorare questo campo caro a tutti, ma soprattutto vorrei invitarvi a far parte di noi.<br \/>Questo blog non sar\u00e0 solo mio, ma anche vostro.<br \/>Se hai una ricetta interessante, puoi inviarcela e raccontarci in poche parole come l&#8217;hai cucinata.<br \/>Se vai in un ristorante e mangi qualcosa che ti piace, o qualcosa che non \u00e8 stato cucinato bene e dove il cibo \u00e8 stato &#8220;offeso&#8221;, puoi condividerlo con noi, senza avere dubbi.<\/p>\n<p>Entra a far parte di questo blog, pieno di sapore. Siete i benvenuti per qualsiasi domanda sulla cucina.<\/p>\n<p><span style=\"text-decoration: underline;\"><strong><em>Fundimi<\/em><\/strong><\/span><\/p>[\/et_pb_text][\/et_pb_column][\/et_pb_row][\/et_pb_section][et_pb_section fb_built=&#8221;1&#8243; _builder_version=&#8221;4.17.4&#8243; _module_preset=&#8221;default&#8221; global_colors_info=&#8221;{}&#8221;][et_pb_row _builder_version=&#8221;4.17.4&#8243; _module_preset=&#8221;default&#8221; global_colors_info=&#8221;{}&#8221;][et_pb_column type=&#8221;4_4&#8243; _builder_version=&#8221;4.17.4&#8243; _module_preset=&#8221;default&#8221; global_colors_info=&#8221;{}&#8221;][et_pb_blog fullwidth=&#8221;off&#8221; posts_number=&#8221;12&#8243; meta_date=&#8221;d &#8211; m &#8211; y&#8221; excerpt_length=&#8221;50&#8243; show_author=&#8221;off&#8221; show_categories=&#8221;off&#8221; _builder_version=&#8221;4.17.4&#8243; _module_preset=&#8221;default&#8221; global_colors_info=&#8221;{}&#8221;][\/et_pb_blog][\/et_pb_column][\/et_pb_row][\/et_pb_section]\n","protected":false},"excerpt":{"rendered":"<p>Due parole per il Blog Cari amici, il blog https:\/\/www.fundimgjepali.com\/ \u00e8 stato concepito come uno spazio virtuale per essere pi\u00f9 vicino a voi.Ho pensato di venire su questo sito, aiutarvi e servire ricette interessanti con le mie specialit\u00e0.Ma d&#8217;altra parte condivideremo insieme anche le esperienze degli altri in cucina. Criticheremo per migliorare questo campo caro [&hellip;]<\/p>\n","protected":false},"author":1,"featured_media":0,"parent":0,"menu_order":0,"comment_status":"closed","ping_status":"closed","template":"","meta":{"_et_pb_use_builder":"on","_et_pb_old_content":"<!-- wp:divi\/placeholder \/-->","_et_gb_content_width":"","footnotes":""},"class_list":["post-50639","page","type-page","status-publish","hentry"],"yoast_head":"<!-- This site is optimized with the Yoast SEO plugin v26.9 - https:\/\/yoast.com\/product\/yoast-seo-wordpress\/ -->\n<title>Blog | Chef Fundim Gjepali<\/title>\n<meta name=\"description\" content=\"Il blog \u00e8 stato concepito come uno spazio virtuale per essere pi\u00f9 vicino a voi. Scopri di pi\u00f9!\" \/>\n<meta name=\"robots\" content=\"index, follow, max-snippet:-1, max-image-preview:large, max-video-preview:-1\" \/>\n<link rel=\"canonical\" href=\"https:\/\/fundimgjepali.com\/it\/blog\/\" \/>\n<meta property=\"og:locale\" content=\"it_IT\" \/>\n<meta property=\"og:type\" content=\"article\" \/>\n<meta property=\"og:title\" content=\"Blog | Chef Fundim Gjepali\" \/>\n<meta property=\"og:description\" content=\"Il blog \u00e8 stato concepito come uno spazio virtuale per essere pi\u00f9 vicino a voi. Scopri di pi\u00f9!\" \/>\n<meta property=\"og:url\" content=\"https:\/\/fundimgjepali.com\/it\/blog\/\" \/>\n<meta property=\"og:site_name\" content=\"Fundim Gjepali\" \/>\n<meta property=\"article:modified_time\" content=\"2022-08-04T18:51:59+00:00\" \/>\n<meta name=\"twitter:card\" content=\"summary_large_image\" \/>\n<meta name=\"twitter:label1\" content=\"Tempo di lettura stimato\" \/>\n\t<meta name=\"twitter:data1\" content=\"2 minuti\" \/>\n<script type=\"application\/ld+json\" class=\"yoast-schema-graph\">{\"@context\":\"https:\/\/schema.org\",\"@graph\":[{\"@type\":\"WebPage\",\"@id\":\"https:\/\/fundimgjepali.com\/it\/blog\/\",\"url\":\"https:\/\/fundimgjepali.com\/it\/blog\/\",\"name\":\"Blog | Chef Fundim Gjepali\",\"isPartOf\":{\"@id\":\"https:\/\/fundimgjepali.com\/#website\"},\"datePublished\":\"2022-07-13T13:05:30+00:00\",\"dateModified\":\"2022-08-04T18:51:59+00:00\",\"description\":\"Il blog \u00e8 stato concepito come uno spazio virtuale per essere pi\u00f9 vicino a voi. Scopri di pi\u00f9!\",\"breadcrumb\":{\"@id\":\"https:\/\/fundimgjepali.com\/it\/blog\/#breadcrumb\"},\"inLanguage\":\"it-IT\",\"potentialAction\":[{\"@type\":\"ReadAction\",\"target\":[\"https:\/\/fundimgjepali.com\/it\/blog\/\"]}]},{\"@type\":\"BreadcrumbList\",\"@id\":\"https:\/\/fundimgjepali.com\/it\/blog\/#breadcrumb\",\"itemListElement\":[{\"@type\":\"ListItem\",\"position\":1,\"name\":\"Home\",\"item\":\"https:\/\/fundimgjepali.com\/it\/\"},{\"@type\":\"ListItem\",\"position\":2,\"name\":\"Blog\"}]},{\"@type\":\"WebSite\",\"@id\":\"https:\/\/fundimgjepali.com\/#website\",\"url\":\"https:\/\/fundimgjepali.com\/\",\"name\":\"Fundim Gjepali\",\"description\":\"Fundim Gjepali\",\"potentialAction\":[{\"@type\":\"SearchAction\",\"target\":{\"@type\":\"EntryPoint\",\"urlTemplate\":\"https:\/\/fundimgjepali.com\/?s={search_term_string}\"},\"query-input\":{\"@type\":\"PropertyValueSpecification\",\"valueRequired\":true,\"valueName\":\"search_term_string\"}}],\"inLanguage\":\"it-IT\"}]}<\/script>\n<!-- \/ Yoast SEO plugin. -->","yoast_head_json":{"title":"Blog | Chef Fundim Gjepali","description":"Il blog \u00e8 stato concepito come uno spazio virtuale per essere pi\u00f9 vicino a voi. Scopri di pi\u00f9!","robots":{"index":"index","follow":"follow","max-snippet":"max-snippet:-1","max-image-preview":"max-image-preview:large","max-video-preview":"max-video-preview:-1"},"canonical":"https:\/\/fundimgjepali.com\/it\/blog\/","og_locale":"it_IT","og_type":"article","og_title":"Blog | Chef Fundim Gjepali","og_description":"Il blog \u00e8 stato concepito come uno spazio virtuale per essere pi\u00f9 vicino a voi. Scopri di pi\u00f9!","og_url":"https:\/\/fundimgjepali.com\/it\/blog\/","og_site_name":"Fundim Gjepali","article_modified_time":"2022-08-04T18:51:59+00:00","twitter_card":"summary_large_image","twitter_misc":{"Tempo di lettura stimato":"2 minuti"},"schema":{"@context":"https:\/\/schema.org","@graph":[{"@type":"WebPage","@id":"https:\/\/fundimgjepali.com\/it\/blog\/","url":"https:\/\/fundimgjepali.com\/it\/blog\/","name":"Blog | Chef Fundim Gjepali","isPartOf":{"@id":"https:\/\/fundimgjepali.com\/#website"},"datePublished":"2022-07-13T13:05:30+00:00","dateModified":"2022-08-04T18:51:59+00:00","description":"Il blog \u00e8 stato concepito come uno spazio virtuale per essere pi\u00f9 vicino a voi. Scopri di pi\u00f9!","breadcrumb":{"@id":"https:\/\/fundimgjepali.com\/it\/blog\/#breadcrumb"},"inLanguage":"it-IT","potentialAction":[{"@type":"ReadAction","target":["https:\/\/fundimgjepali.com\/it\/blog\/"]}]},{"@type":"BreadcrumbList","@id":"https:\/\/fundimgjepali.com\/it\/blog\/#breadcrumb","itemListElement":[{"@type":"ListItem","position":1,"name":"Home","item":"https:\/\/fundimgjepali.com\/it\/"},{"@type":"ListItem","position":2,"name":"Blog"}]},{"@type":"WebSite","@id":"https:\/\/fundimgjepali.com\/#website","url":"https:\/\/fundimgjepali.com\/","name":"Fundim Gjepali","description":"Fundim Gjepali","potentialAction":[{"@type":"SearchAction","target":{"@type":"EntryPoint","urlTemplate":"https:\/\/fundimgjepali.com\/?s={search_term_string}"},"query-input":{"@type":"PropertyValueSpecification","valueRequired":true,"valueName":"search_term_string"}}],"inLanguage":"it-IT"}]}},"_links":{"self":[{"href":"https:\/\/fundimgjepali.com\/it\/wp-json\/wp\/v2\/pages\/50639","targetHints":{"allow":["GET"]}}],"collection":[{"href":"https:\/\/fundimgjepali.com\/it\/wp-json\/wp\/v2\/pages"}],"about":[{"href":"https:\/\/fundimgjepali.com\/it\/wp-json\/wp\/v2\/types\/page"}],"author":[{"embeddable":true,"href":"https:\/\/fundimgjepali.com\/it\/wp-json\/wp\/v2\/users\/1"}],"replies":[{"embeddable":true,"href":"https:\/\/fundimgjepali.com\/it\/wp-json\/wp\/v2\/comments?post=50639"}],"version-history":[{"count":3,"href":"https:\/\/fundimgjepali.com\/it\/wp-json\/wp\/v2\/pages\/50639\/revisions"}],"predecessor-version":[{"id":51044,"href":"https:\/\/fundimgjepali.com\/it\/wp-json\/wp\/v2\/pages\/50639\/revisions\/51044"}],"wp:attachment":[{"href":"https:\/\/fundimgjepali.com\/it\/wp-json\/wp\/v2\/media?parent=50639"}],"curies":[{"name":"wp","href":"https:\/\/api.w.org\/{rel}","templated":true}]}}