{"id":50638,"date":"2022-07-13T13:03:51","date_gmt":"2022-07-13T13:03:51","guid":{"rendered":"https:\/\/fundimgjepali.com\/antico-arco\/"},"modified":"2022-08-04T18:48:46","modified_gmt":"2022-08-04T18:48:46","slug":"antico-arco-roma","status":"publish","type":"page","link":"https:\/\/fundimgjepali.com\/it\/antico-arco-roma\/","title":{"rendered":"Antico Arco"},"content":{"rendered":"\n\n[et_pb_section fb_built=&#8221;1&#8243; custom_padding_last_edited=&#8221;on|phone&#8221; _builder_version=&#8221;4.17.4&#8243; background_enable_color=&#8221;off&#8221; background_image=&#8221;https:\/\/fundimgjepali.com\/wp-content\/uploads\/2022\/07\/antico-arco-banner.jpg&#8221; custom_padding=&#8221;300px||300px||true|false&#8221; custom_padding_tablet=&#8221;300px||300px||true|false&#8221; custom_padding_phone=&#8221;50px||50px||true|false&#8221; global_colors_info=&#8221;{}&#8221;][et_pb_row use_custom_gutter=&#8221;on&#8221; gutter_width=&#8221;2&#8243; make_equal=&#8221;on&#8221; _builder_version=&#8221;4.17.4&#8243; module_alignment=&#8221;left&#8221; global_colors_info=&#8221;{}&#8221;][et_pb_column type=&#8221;4_4&#8243; _builder_version=&#8221;4.17.4&#8243; global_colors_info=&#8221;{}&#8221;][et_pb_text _builder_version=&#8221;4.17.4&#8243; text_font=&#8221;Source Sans Pro|||||on|||&#8221; header_font=&#8221;Source Sans Pro|600||||on|||&#8221; header_text_align=&#8221;left&#8221; header_text_color=&#8221;#000000&#8243; header_font_size=&#8221;50px&#8221; header_line_height=&#8221;1.1em&#8221; background_color=&#8221;#d1aa0f&#8221; max_width=&#8221;253px&#8221; max_width_tablet=&#8221;253px&#8221; max_width_phone=&#8221;150px&#8221; max_width_last_edited=&#8221;on|phone&#8221; module_alignment=&#8221;left&#8221; custom_margin=&#8221;|||0px|false|false&#8221; custom_padding=&#8221;30px||13px|30px|false|false&#8221; custom_padding_tablet=&#8221;30px||13px|30px|false|false&#8221; custom_padding_phone=&#8221;10px||10px|30px|false|false&#8221; custom_padding_last_edited=&#8221;on|phone&#8221; header_font_size_tablet=&#8221;&#8221; header_font_size_phone=&#8221;30px&#8221; header_font_size_last_edited=&#8221;on|tablet&#8221; global_colors_info=&#8221;{}&#8221;]<h1>Antico<br \/>Arco<\/h1>[\/et_pb_text][\/et_pb_column][\/et_pb_row][\/et_pb_section][et_pb_section fb_built=&#8221;1&#8243; custom_padding_last_edited=&#8221;on|phone&#8221; _builder_version=&#8221;4.17.4&#8243; custom_padding=&#8221;100px|0px|80px|0px|false|false&#8221; custom_padding_tablet=&#8221;100px|0px|80px|0px|false|false&#8221; custom_padding_phone=&#8221;50px|0px|80px|0px|false|false&#8221; global_colors_info=&#8221;{}&#8221;][et_pb_row column_structure=&#8221;1_2,1_2&#8243; use_custom_gutter=&#8221;on&#8221; gutter_width=&#8221;1&#8243; make_equal=&#8221;on&#8221; _builder_version=&#8221;4.17.4&#8243; custom_padding=&#8221;0|0px|0|0px|true|false&#8221; global_colors_info=&#8221;{}&#8221;][et_pb_column type=&#8221;1_2&#8243; _builder_version=&#8221;4.17.4&#8243; background_image=&#8221;https:\/\/fundimgjepali.com\/wp-content\/uploads\/2022\/07\/DL_8442.jpg&#8221; custom_padding=&#8221;|||&#8221; border_width_all=&#8221;2px&#8221; border_color_all=&#8221;#d1aa0f&#8221; global_colors_info=&#8221;{}&#8221; custom_padding__hover=&#8221;|||&#8221;][et_pb_divider show_divider=&#8221;off&#8221; disabled_on=&#8221;off|off|on&#8221; _builder_version=&#8221;4.16&#8243; custom_padding=&#8221;26%||26%||true&#8221; global_colors_info=&#8221;{}&#8221;][\/et_pb_divider][\/et_pb_column][et_pb_column type=&#8221;1_2&#8243; _builder_version=&#8221;4.16&#8243; custom_padding=&#8221;|||&#8221; global_colors_info=&#8221;{}&#8221; custom_padding__hover=&#8221;|||&#8221;][et_pb_text _builder_version=&#8221;4.17.4&#8243; text_font=&#8221;Source Sans Pro||||||||&#8221; text_text_color=&#8221;#000000&#8243; text_font_size=&#8221;16px&#8221; text_line_height=&#8221;1.8em&#8221; header_font=&#8221;Poppins|700|||||||&#8221; header_text_color=&#8221;#000000&#8243; header_line_height=&#8221;1.3em&#8221; header_2_font=&#8221;Source Sans Pro|||||on|||&#8221; module_alignment=&#8221;center&#8221; custom_padding=&#8221;45px|40px|35px|40px|false|true&#8221; custom_padding_tablet=&#8221;40px|30px|40px|30px|true|true&#8221; custom_padding_phone=&#8221;40px|0px|40px|0px|true|true&#8221; custom_padding_last_edited=&#8221;on|phone&#8221; hover_enabled=&#8221;0&#8243; header_font_size_tablet=&#8221;&#8221; header_font_size_phone=&#8221;25px&#8221; header_font_size_last_edited=&#8221;on|desktop&#8221; global_colors_info=&#8221;{}&#8221; sticky_enabled=&#8221;0&#8243;]<h2>Riguardo all&#8217;Antico Arco<\/h2>\n<p>Nel 1996 nasce l&#8217;Antico Arco, sulla sommit\u00e0 del colle Gianicolo, di fronte al museo Garibaldi, a pochi passi dal giardino botanico, ma soprattutto vicino a una delle pi\u00f9 belle viste della citt\u00e0 di Roma. Il sogno che abbiamo sempre voluto realizzare \u00e8 quello di vivere un luogo che sia una piccola isola felice per noi che lavoriamo e per chi viene a trovarci. La nostra selezione dei prodotti si basa su una scelta d&#8217;eccellenza e su di un&#8217;etica volta a dare particolare attenzione agli alimenti di base, rigorosamente biologici, come pomodori, olio, farina e carne per garantire un corretto processo di fornitura; il tutto combinato con un ridotto consumo di plastica. Noi siamo tutto ci\u00f2. Non cambieremo di certo il mondo ma intanto questo \u00e8 il nostro piccolo contributo.<\/p>[\/et_pb_text][et_pb_button button_url=&#8221;https:\/\/anticoarco.it\/&#8221; url_new_window=&#8221;on&#8221; button_text=&#8221;Visita il sito&#8221; _builder_version=&#8221;4.17.4&#8243; _module_preset=&#8221;default&#8221; custom_button=&#8221;on&#8221; button_text_size=&#8221;14px&#8221; button_text_color=&#8221;#000000&#8243; button_bg_color=&#8221;#ffffff&#8221; button_border_width=&#8221;0px&#8221; button_border_radius=&#8221;0px&#8221; button_letter_spacing=&#8221;2px&#8221; button_font=&#8221;|700||on|||||&#8221; button_icon=&#8221;&#x24;||divi||400&#8243; custom_margin=&#8221;||20px|40px|false|false&#8221; custom_padding=&#8221;20px|40px|20px|40px|true|true&#8221; animation_style=&#8221;slide&#8221; animation_direction=&#8221;right&#8221; animation_intensity_slide=&#8221;5%&#8221; hover_enabled=&#8221;0&#8243; box_shadow_style=&#8221;preset4&#8243; box_shadow_horizontal=&#8221;0px&#8221; box_shadow_vertical=&#8221;4px&#8221; box_shadow_color=&#8221;#d1aa0f&#8221; locked=&#8221;off&#8221; global_colors_info=&#8221;{}&#8221; sticky_enabled=&#8221;0&#8243;]\r[\/et_pb_button][\/et_pb_column][\/et_pb_row][\/et_pb_section][et_pb_section fb_built=&#8221;1&#8243; _builder_version=&#8221;4.17.4&#8243; _module_preset=&#8221;default&#8221; background_color=&#8221;#d1aa0f&#8221; global_colors_info=&#8221;{}&#8221;][et_pb_row _builder_version=&#8221;4.16&#8243; custom_padding=&#8221;|0px||0px|false|false&#8221; global_colors_info=&#8221;{}&#8221;][et_pb_column type=&#8221;4_4&#8243; _builder_version=&#8221;4.16&#8243; custom_padding=&#8221;|||&#8221; global_colors_info=&#8221;{}&#8221; custom_padding__hover=&#8221;|||&#8221;][et_pb_text _builder_version=&#8221;4.17.4&#8243; text_font=&#8221;Poppins|700|||||||&#8221; text_text_color=&#8221;#000000&#8243; text_font_size=&#8221;30px&#8221; header_3_font=&#8221;Source Sans Pro|||||on|||&#8221; header_3_font_size=&#8221;30px&#8221; text_orientation=&#8221;center&#8221; hover_enabled=&#8221;0&#8243; text_font_size_tablet=&#8221;&#8221; text_font_size_phone=&#8221;20px&#8221; text_font_size_last_edited=&#8221;on|desktop&#8221; global_colors_info=&#8221;{}&#8221; sticky_enabled=&#8221;0&#8243;]<h3>Le specialit\u00e0<\/h3>[\/et_pb_text][et_pb_text _builder_version=&#8221;4.17.4&#8243; text_font=&#8221;Roboto|300|||||||&#8221; text_text_color=&#8221;#000000&#8243; text_font_size=&#8221;15px&#8221; text_line_height=&#8221;1.8em&#8221; text_orientation=&#8221;center&#8221; max_width=&#8221;45%&#8221; max_width_tablet=&#8221;80%&#8221; max_width_phone=&#8221;90%&#8221; max_width_last_edited=&#8221;on|desktop&#8221; module_alignment=&#8221;center&#8221; custom_margin=&#8221;-13px||&#8221; custom_padding=&#8221;0px||&#8221; hover_enabled=&#8221;0&#8243; global_colors_info=&#8221;{}&#8221; sticky_enabled=&#8221;0&#8243;]<p>Di seguito una piccola gallery di prelibatezze che potrete gustare presso il ristorante Antico Arco a Roma.<\/p>[\/et_pb_text][\/et_pb_column][\/et_pb_row][et_pb_row _builder_version=&#8221;4.17.4&#8243; _module_preset=&#8221;default&#8221; global_colors_info=&#8221;{}&#8221;][et_pb_column type=&#8221;4_4&#8243; _builder_version=&#8221;4.17.4&#8243; _module_preset=&#8221;default&#8221; global_colors_info=&#8221;{}&#8221;][wdcl_image_carousel use_lightbox=&#8221;on&#8221; slide_count_tablet=&#8221;2&#8243; slide_count_phone=&#8221;1&#8243; slide_count_last_edited=&#8221;on|phone&#8221; _builder_version=&#8221;4.17.4&#8243; _module_preset=&#8221;default&#8221; global_colors_info=&#8221;{}&#8221;][wdcl_image_carousel_child photo=&#8221;https:\/\/fundimgjepali.com\/wp-content\/uploads\/2022\/08\/plate-2-antico-arco.jpg&#8221; _builder_version=&#8221;4.17.4&#8243; _module_preset=&#8221;default&#8221; global_colors_info=&#8221;{}&#8221;][\/wdcl_image_carousel_child][wdcl_image_carousel_child photo=&#8221;https:\/\/fundimgjepali.com\/wp-content\/uploads\/2022\/08\/plate-5-antico-arco.jpg&#8221; _builder_version=&#8221;4.17.4&#8243; _module_preset=&#8221;default&#8221; global_colors_info=&#8221;{}&#8221;][\/wdcl_image_carousel_child][wdcl_image_carousel_child photo=&#8221;https:\/\/fundimgjepali.com\/wp-content\/uploads\/2022\/08\/plate-3-antico-arco.jpg&#8221; _builder_version=&#8221;4.17.4&#8243; _module_preset=&#8221;default&#8221; global_colors_info=&#8221;{}&#8221;][\/wdcl_image_carousel_child][wdcl_image_carousel_child photo=&#8221;https:\/\/fundimgjepali.com\/wp-content\/uploads\/2022\/08\/plate-1-antico-arco.jpg&#8221; _builder_version=&#8221;4.17.4&#8243; _module_preset=&#8221;default&#8221; global_colors_info=&#8221;{}&#8221;][\/wdcl_image_carousel_child][wdcl_image_carousel_child photo=&#8221;https:\/\/fundimgjepali.com\/wp-content\/uploads\/2022\/08\/plate-6-antico-arco.jpg&#8221; _builder_version=&#8221;4.17.4&#8243; _module_preset=&#8221;default&#8221; global_colors_info=&#8221;{}&#8221;][\/wdcl_image_carousel_child][\/wdcl_image_carousel][\/et_pb_column][\/et_pb_row][\/et_pb_section][et_pb_section fb_built=&#8221;1&#8243; custom_padding_last_edited=&#8221;on|phone&#8221; _builder_version=&#8221;4.17.4&#8243; background_color=&#8221;#ededed&#8221; custom_padding=&#8221;80px|0px|80px|0px|true|false&#8221; custom_padding_tablet=&#8221;80px|0px|80px|0px|true|false&#8221; custom_padding_phone=&#8221;30px|0px|30px|0px|true|false&#8221; global_colors_info=&#8221;{}&#8221;][et_pb_row _builder_version=&#8221;4.16&#8243; custom_padding=&#8221;|0px||0px|false|false&#8221; global_colors_info=&#8221;{}&#8221;][et_pb_column type=&#8221;4_4&#8243; _builder_version=&#8221;4.16&#8243; custom_padding=&#8221;|||&#8221; global_colors_info=&#8221;{}&#8221; custom_padding__hover=&#8221;|||&#8221;][et_pb_text _builder_version=&#8221;4.17.4&#8243; text_font=&#8221;Poppins|700|||||||&#8221; text_text_color=&#8221;#000000&#8243; text_font_size=&#8221;30px&#8221; header_3_font=&#8221;Source Sans Pro|||||on|||&#8221; header_3_font_size=&#8221;30px&#8221; text_orientation=&#8221;center&#8221; hover_enabled=&#8221;0&#8243; text_font_size_tablet=&#8221;&#8221; text_font_size_phone=&#8221;20px&#8221; text_font_size_last_edited=&#8221;on|desktop&#8221; global_colors_info=&#8221;{}&#8221; sticky_enabled=&#8221;0&#8243;]<h3>Ristorante Antico Arco<\/h3>[\/et_pb_text][et_pb_text _builder_version=&#8221;4.17.4&#8243; text_font=&#8221;Roboto|300|||||||&#8221; text_text_color=&#8221;#000000&#8243; text_font_size=&#8221;15px&#8221; text_line_height=&#8221;1.8em&#8221; text_orientation=&#8221;center&#8221; max_width=&#8221;45%&#8221; max_width_tablet=&#8221;80%&#8221; max_width_phone=&#8221;90%&#8221; max_width_last_edited=&#8221;on|desktop&#8221; module_alignment=&#8221;center&#8221; custom_margin=&#8221;-13px||&#8221; custom_padding=&#8221;0px||&#8221; hover_enabled=&#8221;0&#8243; global_colors_info=&#8221;{}&#8221; sticky_enabled=&#8221;0&#8243;]<p>L&#8217;ambiente proposto \u00e8 raffinato e tranquillo in linea con la speciale cucina proposta dallo Chef Fundim.<\/p>[\/et_pb_text][\/et_pb_column][\/et_pb_row][et_pb_row column_structure=&#8221;1_3,1_3,1_3&#8243; use_custom_gutter=&#8221;on&#8221; gutter_width=&#8221;2&#8243; _builder_version=&#8221;4.16&#8243; global_colors_info=&#8221;{}&#8221;][et_pb_column type=&#8221;1_3&#8243; _builder_version=&#8221;4.16&#8243; custom_padding=&#8221;|||&#8221; global_colors_info=&#8221;{}&#8221; custom_padding__hover=&#8221;|||&#8221;][et_pb_image src=&#8221;https:\/\/fundimgjepali.com\/wp-content\/uploads\/2022\/07\/ADL_9694.jpg&#8221; show_in_lightbox=&#8221;on&#8221; use_overlay=&#8221;on&#8221; overlay_icon_color=&#8221;rgba(0,0,0,0)&#8221; hover_overlay_color=&#8221;rgba(0,0,0,0.42)&#8221; _builder_version=&#8221;4.17.4&#8243; global_colors_info=&#8221;{}&#8221;][\/et_pb_image][\/et_pb_column][et_pb_column type=&#8221;1_3&#8243; _builder_version=&#8221;4.16&#8243; custom_padding=&#8221;|||&#8221; global_colors_info=&#8221;{}&#8221; custom_padding__hover=&#8221;|||&#8221;][et_pb_image src=&#8221;https:\/\/fundimgjepali.com\/wp-content\/uploads\/2022\/07\/DL_2315.jpg&#8221; show_in_lightbox=&#8221;on&#8221; use_overlay=&#8221;on&#8221; overlay_icon_color=&#8221;rgba(0,0,0,0)&#8221; hover_overlay_color=&#8221;rgba(0,0,0,0.42)&#8221; _builder_version=&#8221;4.17.4&#8243; global_colors_info=&#8221;{}&#8221;][\/et_pb_image][\/et_pb_column][et_pb_column type=&#8221;1_3&#8243; _builder_version=&#8221;4.16&#8243; custom_padding=&#8221;|||&#8221; global_colors_info=&#8221;{}&#8221; custom_padding__hover=&#8221;|||&#8221;][et_pb_image src=&#8221;https:\/\/fundimgjepali.com\/wp-content\/uploads\/2022\/07\/DL_0291.jpg&#8221; show_in_lightbox=&#8221;on&#8221; use_overlay=&#8221;on&#8221; overlay_icon_color=&#8221;rgba(0,0,0,0)&#8221; hover_overlay_color=&#8221;rgba(0,0,0,0.42)&#8221; _builder_version=&#8221;4.17.4&#8243; global_colors_info=&#8221;{}&#8221;][\/et_pb_image][\/et_pb_column][\/et_pb_row][et_pb_row column_structure=&#8221;1_3,1_3,1_3&#8243; use_custom_gutter=&#8221;on&#8221; gutter_width=&#8221;2&#8243; custom_padding_last_edited=&#8221;on|phone&#8221; _builder_version=&#8221;4.17.4&#8243; custom_padding=&#8221;6px||&#8221; custom_padding_tablet=&#8221;6px||&#8221; custom_padding_phone=&#8221;0px||||false|false&#8221; global_colors_info=&#8221;{}&#8221;][et_pb_column type=&#8221;1_3&#8243; _builder_version=&#8221;4.16&#8243; custom_padding=&#8221;|||&#8221; global_colors_info=&#8221;{}&#8221; custom_padding__hover=&#8221;|||&#8221;][et_pb_image src=&#8221;https:\/\/fundimgjepali.com\/wp-content\/uploads\/2022\/07\/SALA-1.jpg&#8221; title_text=&#8221;SALA1&#8243; show_in_lightbox=&#8221;on&#8221; use_overlay=&#8221;on&#8221; overlay_icon_color=&#8221;rgba(0,0,0,0)&#8221; hover_overlay_color=&#8221;rgba(0,0,0,0.42)&#8221; _builder_version=&#8221;4.17.4&#8243; custom_margin=&#8221;-7px|||||&#8221; global_colors_info=&#8221;{}&#8221;][\/et_pb_image][\/et_pb_column][et_pb_column type=&#8221;1_3&#8243; _builder_version=&#8221;4.16&#8243; custom_padding=&#8221;|||&#8221; global_colors_info=&#8221;{}&#8221; custom_padding__hover=&#8221;|||&#8221;][et_pb_image src=&#8221;https:\/\/fundimgjepali.com\/wp-content\/uploads\/2022\/07\/ADL_9740.jpg&#8221; show_in_lightbox=&#8221;on&#8221; use_overlay=&#8221;on&#8221; overlay_icon_color=&#8221;rgba(0,0,0,0)&#8221; hover_overlay_color=&#8221;rgba(0,0,0,0.42)&#8221; _builder_version=&#8221;4.17.4&#8243; custom_margin=&#8221;-7px|||||&#8221; global_colors_info=&#8221;{}&#8221;][\/et_pb_image][\/et_pb_column][et_pb_column type=&#8221;1_3&#8243; _builder_version=&#8221;4.16&#8243; custom_padding=&#8221;|||&#8221; global_colors_info=&#8221;{}&#8221; custom_padding__hover=&#8221;|||&#8221;][et_pb_image src=&#8221;https:\/\/fundimgjepali.com\/wp-content\/uploads\/2022\/07\/ADL_9687.jpg&#8221; show_in_lightbox=&#8221;on&#8221; use_overlay=&#8221;on&#8221; overlay_icon_color=&#8221;rgba(0,0,0,0)&#8221; hover_overlay_color=&#8221;rgba(0,0,0,0.42)&#8221; _builder_version=&#8221;4.17.4&#8243; custom_margin=&#8221;-7px|||||&#8221; global_colors_info=&#8221;{}&#8221;][\/et_pb_image][\/et_pb_column][\/et_pb_row][et_pb_row column_structure=&#8221;1_3,1_3,1_3&#8243; use_custom_gutter=&#8221;on&#8221; gutter_width=&#8221;2&#8243; custom_padding_last_edited=&#8221;on|phone&#8221; _builder_version=&#8221;4.17.4&#8243; custom_padding=&#8221;2px|||||&#8221; custom_padding_tablet=&#8221;2px|||||&#8221; custom_padding_phone=&#8221;0px||||false|false&#8221; global_colors_info=&#8221;{}&#8221;][et_pb_column type=&#8221;1_3&#8243; _builder_version=&#8221;4.16&#8243; custom_padding=&#8221;|||&#8221; global_colors_info=&#8221;{}&#8221; custom_padding__hover=&#8221;|||&#8221;][et_pb_image src=&#8221;https:\/\/fundimgjepali.com\/wp-content\/uploads\/2022\/08\/antico-arco-3.jpg&#8221; show_in_lightbox=&#8221;on&#8221; use_overlay=&#8221;on&#8221; overlay_icon_color=&#8221;rgba(0,0,0,0)&#8221; hover_overlay_color=&#8221;rgba(0,0,0,0.42)&#8221; _builder_version=&#8221;4.17.4&#8243; global_colors_info=&#8221;{}&#8221;][\/et_pb_image][\/et_pb_column][et_pb_column type=&#8221;1_3&#8243; _builder_version=&#8221;4.16&#8243; custom_padding=&#8221;|||&#8221; global_colors_info=&#8221;{}&#8221; custom_padding__hover=&#8221;|||&#8221;][et_pb_image src=&#8221;https:\/\/fundimgjepali.com\/wp-content\/uploads\/2022\/08\/antico-arco-2.jpg&#8221; show_in_lightbox=&#8221;on&#8221; use_overlay=&#8221;on&#8221; overlay_icon_color=&#8221;rgba(0,0,0,0)&#8221; hover_overlay_color=&#8221;rgba(0,0,0,0.42)&#8221; _builder_version=&#8221;4.17.4&#8243; global_colors_info=&#8221;{}&#8221;][\/et_pb_image][\/et_pb_column][et_pb_column type=&#8221;1_3&#8243; _builder_version=&#8221;4.16&#8243; custom_padding=&#8221;|||&#8221; global_colors_info=&#8221;{}&#8221; custom_padding__hover=&#8221;|||&#8221;][et_pb_image src=&#8221;https:\/\/fundimgjepali.com\/wp-content\/uploads\/2022\/08\/antico-arco-1.jpg&#8221; show_in_lightbox=&#8221;on&#8221; use_overlay=&#8221;on&#8221; overlay_icon_color=&#8221;rgba(0,0,0,0)&#8221; hover_overlay_color=&#8221;rgba(0,0,0,0.42)&#8221; _builder_version=&#8221;4.17.4&#8243; global_colors_info=&#8221;{}&#8221;][\/et_pb_image][\/et_pb_column][\/et_pb_row][et_pb_row column_structure=&#8221;1_2,1_2&#8243; use_custom_gutter=&#8221;on&#8221; gutter_width=&#8221;2&#8243; custom_padding_last_edited=&#8221;on|phone&#8221; _builder_version=&#8221;4.17.4&#8243; custom_padding=&#8221;2px|||||&#8221; custom_padding_tablet=&#8221;2px|||||&#8221; custom_padding_phone=&#8221;0px||||false|false&#8221; global_colors_info=&#8221;{}&#8221;][et_pb_column type=&#8221;1_2&#8243; _builder_version=&#8221;4.16&#8243; custom_padding=&#8221;|||&#8221; global_colors_info=&#8221;{}&#8221; custom_padding__hover=&#8221;|||&#8221;][et_pb_image src=&#8221;https:\/\/fundimgjepali.com\/wp-content\/uploads\/2022\/08\/antico-5.jpg&#8221; show_in_lightbox=&#8221;on&#8221; use_overlay=&#8221;on&#8221; overlay_icon_color=&#8221;rgba(0,0,0,0)&#8221; hover_overlay_color=&#8221;rgba(0,0,0,0.42)&#8221; _builder_version=&#8221;4.17.4&#8243; global_colors_info=&#8221;{}&#8221;][\/et_pb_image][\/et_pb_column][et_pb_column type=&#8221;1_2&#8243; _builder_version=&#8221;4.16&#8243; custom_padding=&#8221;|||&#8221; global_colors_info=&#8221;{}&#8221; custom_padding__hover=&#8221;|||&#8221;][et_pb_image src=&#8221;https:\/\/fundimgjepali.com\/wp-content\/uploads\/2022\/08\/antico-4.jpg&#8221; show_in_lightbox=&#8221;on&#8221; use_overlay=&#8221;on&#8221; overlay_icon_color=&#8221;rgba(0,0,0,0)&#8221; hover_overlay_color=&#8221;rgba(0,0,0,0.42)&#8221; _builder_version=&#8221;4.17.4&#8243; global_colors_info=&#8221;{}&#8221;][\/et_pb_image][\/et_pb_column][\/et_pb_row][\/et_pb_section]\n\n","protected":false},"excerpt":{"rendered":"<p>AnticoArcoRiguardo all&#8217;Antico Arco Nel 1996 nasce l&#8217;Antico Arco, sulla sommit\u00e0 del colle Gianicolo, di fronte al museo Garibaldi, a pochi passi dal giardino botanico, ma soprattutto vicino a una delle pi\u00f9 belle viste della citt\u00e0 di Roma. Il sogno che abbiamo sempre voluto realizzare \u00e8 quello di vivere un luogo che sia una piccola isola [&hellip;]<\/p>\n","protected":false},"author":1,"featured_media":0,"parent":0,"menu_order":0,"comment_status":"closed","ping_status":"closed","template":"","meta":{"_et_pb_use_builder":"on","_et_pb_old_content":"<!-- wp:divi\/placeholder \/-->","_et_gb_content_width":"","footnotes":""},"class_list":["post-50638","page","type-page","status-publish","hentry"],"yoast_head":"<!-- This site is optimized with the Yoast SEO plugin v26.9 - https:\/\/yoast.com\/product\/yoast-seo-wordpress\/ -->\n<title>Antico Arco Roma | Chef Fundim Gjepali<\/title>\n<meta name=\"description\" content=\"Nel 1996 nasce l\u2019Antico Arco a Roma, sulla sommit\u00e0 del colle Gianicolo, di fronte al museo Garibaldi, a pochi passi dal giardino botanico.\" \/>\n<meta name=\"robots\" content=\"index, follow, max-snippet:-1, max-image-preview:large, max-video-preview:-1\" \/>\n<link rel=\"canonical\" href=\"https:\/\/fundimgjepali.com\/it\/antico-arco-roma\/\" \/>\n<meta property=\"og:locale\" content=\"it_IT\" \/>\n<meta property=\"og:type\" content=\"article\" \/>\n<meta property=\"og:title\" content=\"Antico Arco Roma | Chef Fundim Gjepali\" \/>\n<meta property=\"og:description\" content=\"Nel 1996 nasce l\u2019Antico Arco a Roma, sulla sommit\u00e0 del colle Gianicolo, di fronte al museo Garibaldi, a pochi passi dal giardino botanico.\" \/>\n<meta property=\"og:url\" content=\"https:\/\/fundimgjepali.com\/it\/antico-arco-roma\/\" \/>\n<meta property=\"og:site_name\" content=\"Fundim Gjepali\" \/>\n<meta property=\"article:modified_time\" content=\"2022-08-04T18:48:46+00:00\" \/>\n<meta name=\"twitter:card\" content=\"summary_large_image\" \/>\n<meta name=\"twitter:label1\" content=\"Tempo di lettura stimato\" \/>\n\t<meta name=\"twitter:data1\" content=\"3 minuti\" \/>\n<script type=\"application\/ld+json\" class=\"yoast-schema-graph\">{\"@context\":\"https:\/\/schema.org\",\"@graph\":[{\"@type\":\"WebPage\",\"@id\":\"https:\/\/fundimgjepali.com\/it\/antico-arco-roma\/\",\"url\":\"https:\/\/fundimgjepali.com\/it\/antico-arco-roma\/\",\"name\":\"Antico Arco Roma | Chef Fundim Gjepali\",\"isPartOf\":{\"@id\":\"https:\/\/fundimgjepali.com\/#website\"},\"datePublished\":\"2022-07-13T13:03:51+00:00\",\"dateModified\":\"2022-08-04T18:48:46+00:00\",\"description\":\"Nel 1996 nasce l\u2019Antico Arco a Roma, sulla sommit\u00e0 del colle Gianicolo, di fronte al museo Garibaldi, a pochi passi dal giardino botanico.\",\"breadcrumb\":{\"@id\":\"https:\/\/fundimgjepali.com\/it\/antico-arco-roma\/#breadcrumb\"},\"inLanguage\":\"it-IT\",\"potentialAction\":[{\"@type\":\"ReadAction\",\"target\":[\"https:\/\/fundimgjepali.com\/it\/antico-arco-roma\/\"]}]},{\"@type\":\"BreadcrumbList\",\"@id\":\"https:\/\/fundimgjepali.com\/it\/antico-arco-roma\/#breadcrumb\",\"itemListElement\":[{\"@type\":\"ListItem\",\"position\":1,\"name\":\"Home\",\"item\":\"https:\/\/fundimgjepali.com\/it\/\"},{\"@type\":\"ListItem\",\"position\":2,\"name\":\"Antico Arco\"}]},{\"@type\":\"WebSite\",\"@id\":\"https:\/\/fundimgjepali.com\/#website\",\"url\":\"https:\/\/fundimgjepali.com\/\",\"name\":\"Fundim Gjepali\",\"description\":\"Fundim Gjepali\",\"potentialAction\":[{\"@type\":\"SearchAction\",\"target\":{\"@type\":\"EntryPoint\",\"urlTemplate\":\"https:\/\/fundimgjepali.com\/?s={search_term_string}\"},\"query-input\":{\"@type\":\"PropertyValueSpecification\",\"valueRequired\":true,\"valueName\":\"search_term_string\"}}],\"inLanguage\":\"it-IT\"}]}<\/script>\n<!-- \/ Yoast SEO plugin. -->","yoast_head_json":{"title":"Antico Arco Roma | Chef Fundim Gjepali","description":"Nel 1996 nasce l\u2019Antico Arco a Roma, sulla sommit\u00e0 del colle Gianicolo, di fronte al museo Garibaldi, a pochi passi dal giardino botanico.","robots":{"index":"index","follow":"follow","max-snippet":"max-snippet:-1","max-image-preview":"max-image-preview:large","max-video-preview":"max-video-preview:-1"},"canonical":"https:\/\/fundimgjepali.com\/it\/antico-arco-roma\/","og_locale":"it_IT","og_type":"article","og_title":"Antico Arco Roma | Chef Fundim Gjepali","og_description":"Nel 1996 nasce l\u2019Antico Arco a Roma, sulla sommit\u00e0 del colle Gianicolo, di fronte al museo Garibaldi, a pochi passi dal giardino botanico.","og_url":"https:\/\/fundimgjepali.com\/it\/antico-arco-roma\/","og_site_name":"Fundim Gjepali","article_modified_time":"2022-08-04T18:48:46+00:00","twitter_card":"summary_large_image","twitter_misc":{"Tempo di lettura stimato":"3 minuti"},"schema":{"@context":"https:\/\/schema.org","@graph":[{"@type":"WebPage","@id":"https:\/\/fundimgjepali.com\/it\/antico-arco-roma\/","url":"https:\/\/fundimgjepali.com\/it\/antico-arco-roma\/","name":"Antico Arco Roma | Chef Fundim Gjepali","isPartOf":{"@id":"https:\/\/fundimgjepali.com\/#website"},"datePublished":"2022-07-13T13:03:51+00:00","dateModified":"2022-08-04T18:48:46+00:00","description":"Nel 1996 nasce l\u2019Antico Arco a Roma, sulla sommit\u00e0 del colle Gianicolo, di fronte al museo Garibaldi, a pochi passi dal giardino botanico.","breadcrumb":{"@id":"https:\/\/fundimgjepali.com\/it\/antico-arco-roma\/#breadcrumb"},"inLanguage":"it-IT","potentialAction":[{"@type":"ReadAction","target":["https:\/\/fundimgjepali.com\/it\/antico-arco-roma\/"]}]},{"@type":"BreadcrumbList","@id":"https:\/\/fundimgjepali.com\/it\/antico-arco-roma\/#breadcrumb","itemListElement":[{"@type":"ListItem","position":1,"name":"Home","item":"https:\/\/fundimgjepali.com\/it\/"},{"@type":"ListItem","position":2,"name":"Antico Arco"}]},{"@type":"WebSite","@id":"https:\/\/fundimgjepali.com\/#website","url":"https:\/\/fundimgjepali.com\/","name":"Fundim Gjepali","description":"Fundim Gjepali","potentialAction":[{"@type":"SearchAction","target":{"@type":"EntryPoint","urlTemplate":"https:\/\/fundimgjepali.com\/?s={search_term_string}"},"query-input":{"@type":"PropertyValueSpecification","valueRequired":true,"valueName":"search_term_string"}}],"inLanguage":"it-IT"}]}},"_links":{"self":[{"href":"https:\/\/fundimgjepali.com\/it\/wp-json\/wp\/v2\/pages\/50638","targetHints":{"allow":["GET"]}}],"collection":[{"href":"https:\/\/fundimgjepali.com\/it\/wp-json\/wp\/v2\/pages"}],"about":[{"href":"https:\/\/fundimgjepali.com\/it\/wp-json\/wp\/v2\/types\/page"}],"author":[{"embeddable":true,"href":"https:\/\/fundimgjepali.com\/it\/wp-json\/wp\/v2\/users\/1"}],"replies":[{"embeddable":true,"href":"https:\/\/fundimgjepali.com\/it\/wp-json\/wp\/v2\/comments?post=50638"}],"version-history":[{"count":9,"href":"https:\/\/fundimgjepali.com\/it\/wp-json\/wp\/v2\/pages\/50638\/revisions"}],"predecessor-version":[{"id":51006,"href":"https:\/\/fundimgjepali.com\/it\/wp-json\/wp\/v2\/pages\/50638\/revisions\/51006"}],"wp:attachment":[{"href":"https:\/\/fundimgjepali.com\/it\/wp-json\/wp\/v2\/media?parent=50638"}],"curies":[{"name":"wp","href":"https:\/\/api.w.org\/{rel}","templated":true}]}}