{"id":50634,"date":"2022-07-13T13:05:16","date_gmt":"2022-07-13T13:05:16","guid":{"rendered":"https:\/\/fundimgjepali.com\/filozofia-ime\/"},"modified":"2022-08-05T12:52:04","modified_gmt":"2022-08-05T12:52:04","slug":"cultura-gastronomica","status":"publish","type":"page","link":"https:\/\/fundimgjepali.com\/it\/cultura-gastronomica\/","title":{"rendered":"La filosofia"},"content":{"rendered":"<p>[et_pb_section fb_built=&#8221;1&#8243; custom_padding_last_edited=&#8221;on|phone&#8221; admin_label=&#8221;About Us Section&#8221; _builder_version=&#8221;4.17.4&#8243; background_color=&#8221;#383838&#8243; background_image=&#8221;https:\/\/fundimgjepali.com\/wp-content\/uploads\/2022\/07\/banner-filozofia.jpg&#8221; custom_margin=&#8221;|||&#8221; custom_margin_phone=&#8221;|0px||0px&#8221; custom_margin_last_edited=&#8221;off|desktop&#8221; custom_padding=&#8221;28%||||false|false&#8221; custom_padding_tablet=&#8221;28%||||false|false&#8221; custom_padding_phone=&#8221;80%||0px||false|false&#8221; animation_direction=&#8221;top&#8221; box_shadow_style=&#8221;preset7&#8243; box_shadow_horizontal=&#8221;0px&#8221; box_shadow_vertical=&#8221;-200px&#8221; box_shadow_color=&#8221;#ffffff&#8221; global_colors_info=&#8221;{}&#8221;][et_pb_row column_structure=&#8221;2_3,1_3&#8243; custom_padding_last_edited=&#8221;on|tablet&#8221; admin_label=&#8221;About Us Area&#8221; _builder_version=&#8221;4.17.4&#8243; background_size=&#8221;initial&#8221; background_position=&#8221;top_left&#8221; background_repeat=&#8221;repeat&#8221; custom_margin=&#8221;||||false|false&#8221; custom_margin_tablet=&#8221;||||false|false&#8221; custom_margin_phone=&#8221;||||false|false&#8221; custom_margin_last_edited=&#8221;on|phone&#8221; custom_padding=&#8221;60px|0px|0px|0px|false|false&#8221; custom_padding_tablet=&#8221;60px|0px|0px|0px|false|false&#8221; custom_padding_phone=&#8221;20px|0px|0px|0px|false|false&#8221; animation_direction=&#8221;top&#8221; global_colors_info=&#8221;{}&#8221;][et_pb_column type=&#8221;2_3&#8243; _builder_version=&#8221;4.17.4&#8243; custom_padding=&#8221;|||&#8221; global_colors_info=&#8221;{}&#8221; custom_padding__hover=&#8221;|||&#8221;][et_pb_text admin_label=&#8221;1&#8243; _builder_version=&#8221;4.17.4&#8243; text_font=&#8221;Roboto|300|||||||&#8221; text_text_color=&#8221;#000000&#8243; text_font_size=&#8221;15px&#8221; text_line_height=&#8221;1.8em&#8221; header_font=&#8221;Source Sans Pro|600||||on|||&#8221; header_text_align=&#8221;left&#8221; header_2_font=&#8221;Poppins|700||on|||||&#8221; header_2_text_color=&#8221;#000000&#8243; header_2_font_size=&#8221;30px&#8221; header_2_line_height=&#8221;1.3em&#8221; background_color=&#8221;#d1aa0f&#8221; background_size=&#8221;initial&#8221; background_position=&#8221;top_left&#8221; background_repeat=&#8221;repeat&#8221; max_width=&#8221;700px&#8221; module_alignment=&#8221;left&#8221; custom_margin=&#8221;-30px||||false|false&#8221; custom_padding=&#8221;10%|10%|10%|10%&#8221; custom_padding_tablet=&#8221;10%|10%|10%|10%&#8221; custom_padding_phone=&#8221;|10%|10%|10%|false|false&#8221; custom_padding_last_edited=&#8221;on|phone&#8221; animation_direction=&#8221;top&#8221; border_color_all=&#8221;#000000&#8243; locked=&#8221;off&#8221; global_colors_info=&#8221;{}&#8221;]<\/p>\n<h1>La mia filosofia<\/h1>\n<p>Ha pi\u00f9 senso mettere in tavola la solida cultura gastronomica che le tendenze, passeggere per definizione. La cucina mediterranea \u00e8 spettacolare, include grandi artigiani e materie prime che altrove puoi solo sognare.<\/p>\n<p>[\/et_pb_text][\/et_pb_column][et_pb_column type=&#8221;1_3&#8243; _builder_version=&#8221;4.16&#8243; custom_padding=&#8221;|||&#8221; global_colors_info=&#8221;{}&#8221; custom_padding__hover=&#8221;|||&#8221;][\/et_pb_column][\/et_pb_row][\/et_pb_section][et_pb_section fb_built=&#8221;1&#8243; custom_padding_last_edited=&#8221;on|phone&#8221; _builder_version=&#8221;4.17.4&#8243; custom_padding=&#8221;40px|0px|100px|0px|false|false&#8221; custom_padding_tablet=&#8221;40px|0px|100px|0px|false|false&#8221; custom_padding_phone=&#8221;0px|0px|100px|0px|false|false&#8221; global_colors_info=&#8221;{}&#8221;][et_pb_row column_structure=&#8221;1_2,1_2&#8243; use_custom_gutter=&#8221;on&#8221; gutter_width=&#8221;1&#8243; make_equal=&#8221;on&#8221; module_class=&#8221;reverse-in-mobile&#8221; _builder_version=&#8221;4.17.4&#8243; custom_padding=&#8221;0|0px|0|0px|true|false&#8221; global_colors_info=&#8221;{}&#8221;][et_pb_column type=&#8221;1_2&#8243; _builder_version=&#8221;4.17.4&#8243; background_color=&#8221;#FFFFFF&#8221; custom_padding=&#8221;|||&#8221; global_colors_info=&#8221;{}&#8221; custom_padding__hover=&#8221;|||&#8221;][et_pb_text _builder_version=&#8221;4.17.4&#8243; text_font=&#8221;Source Sans Pro||||||||&#8221; text_text_color=&#8221;#000000&#8243; text_font_size=&#8221;16px&#8221; text_line_height=&#8221;1.8em&#8221; header_font=&#8221;Poppins|700|||||||&#8221; header_text_color=&#8221;#000000&#8243; header_line_height=&#8221;1.3em&#8221; header_2_font=&#8221;Source Sans Pro|||||on|||&#8221; header_2_text_color=&#8221;#000000&#8243; background_color=&#8221;#ededed&#8221; module_alignment=&#8221;center&#8221; custom_padding=&#8221;40px|40px|40px|40px|true|true&#8221; custom_padding_tablet=&#8221;40px|30px|40px|30px|true|true&#8221; custom_padding_phone=&#8221;40px|30px|40px|30px|true&#8221; custom_padding_last_edited=&#8221;on|phone&#8221; hover_enabled=&#8221;0&#8243; header_font_size_tablet=&#8221;&#8221; header_font_size_phone=&#8221;25px&#8221; header_font_size_last_edited=&#8221;on|desktop&#8221; global_colors_info=&#8221;{}&#8221; sticky_enabled=&#8221;0&#8243;]<\/p>\n<h2>Chi \u00e8 Fundim Gjepali?<\/h2>\n<p>Lo Chef Fundim Gjepali \u00e8 uno degli chef pi\u00f9 famosi del momento in Italia e in Albania. In Italia, da diversi anni, gestisce il ristorante \u201cAntico Arco\u201d situato nel centro di Roma, mentre a Tirana gestisce il \u201cRistorante Butique Padam\u201d.<br \/>Le pi\u00f9 grandi cene sociali della capitale si svolgono sotto gli auspici dello Chef Fundim. Cucina e ha cucinato per le pi\u00f9 importanti personalit\u00e0 albanesi e straniere: primi ministri, presidenti e delegazioni estere in visita nel nostro Paese.<br \/>Per tutti coloro che passano a Tirana, il primo consiglio per dove andare e mangiare del buon cibo \u00e8 \u201cPadam\u201d e \u201cGjepali Agriturismo\u201d.<\/p>\n<p>[\/et_pb_text][\/et_pb_column][et_pb_column type=&#8221;1_2&#8243; _builder_version=&#8221;4.17.4&#8243; background_image=&#8221;https:\/\/fundimgjepali.com\/wp-content\/uploads\/2022\/07\/Fundim-Gjepali-antico_arco.jpg&#8221; custom_padding=&#8221;|||&#8221; border_width_all=&#8221;2px&#8221; border_color_all=&#8221;#d1aa0f&#8221; global_colors_info=&#8221;{}&#8221; custom_padding__hover=&#8221;|||&#8221;][et_pb_divider show_divider=&#8221;off&#8221; disabled_on=&#8221;off|off|on&#8221; _builder_version=&#8221;4.16&#8243; custom_padding=&#8221;26%||26%||true&#8221; global_colors_info=&#8221;{}&#8221;][\/et_pb_divider][\/et_pb_column][\/et_pb_row][et_pb_row column_structure=&#8221;1_2,1_2&#8243; use_custom_gutter=&#8221;on&#8221; gutter_width=&#8221;1&#8243; make_equal=&#8221;on&#8221; _builder_version=&#8221;4.17.4&#8243; custom_padding=&#8221;0|0px|0|0px|true|false&#8221; global_colors_info=&#8221;{}&#8221;][et_pb_column type=&#8221;1_2&#8243; _builder_version=&#8221;4.17.4&#8243; background_image=&#8221;https:\/\/fundimgjepali.com\/wp-content\/uploads\/2022\/07\/antico_arco.jpg&#8221; custom_padding=&#8221;|||&#8221; border_width_all=&#8221;2px&#8221; border_color_all=&#8221;#d1aa0f&#8221; global_colors_info=&#8221;{}&#8221; custom_padding__hover=&#8221;|||&#8221;][et_pb_divider show_divider=&#8221;off&#8221; disabled_on=&#8221;off|off|on&#8221; _builder_version=&#8221;4.16&#8243; custom_padding=&#8221;26%||26%||true&#8221; global_colors_info=&#8221;{}&#8221;][\/et_pb_divider][\/et_pb_column][et_pb_column type=&#8221;1_2&#8243; _builder_version=&#8221;4.17.4&#8243; background_color=&#8221;#ededed&#8221; custom_padding=&#8221;|||&#8221; global_colors_info=&#8221;{}&#8221; custom_padding__hover=&#8221;|||&#8221;][et_pb_text _builder_version=&#8221;4.17.4&#8243; text_font=&#8221;Source Sans Pro||||||||&#8221; text_text_color=&#8221;#000000&#8243; text_font_size=&#8221;16px&#8221; text_line_height=&#8221;1.8em&#8221; header_font=&#8221;Poppins|700|||||||&#8221; header_text_color=&#8221;#000000&#8243; header_line_height=&#8221;1.3em&#8221; module_alignment=&#8221;center&#8221; custom_padding=&#8221;40px|40px|40px|40px|true|true&#8221; custom_padding_tablet=&#8221;40px|30px|40px|30px|true|true&#8221; custom_padding_phone=&#8221;40px|30px|40px|30px|true&#8221; custom_padding_last_edited=&#8221;on|phone&#8221; header_font_size_tablet=&#8221;&#8221; header_font_size_phone=&#8221;25px&#8221; header_font_size_last_edited=&#8221;on|desktop&#8221; global_colors_info=&#8221;{}&#8221;]<\/p>\n<h2>Il percorso<\/h2>\n<p>L&#8217;Italia \u00e8 stata il luogo dove \u00e8 cresciuto professionalmente e ha raggiunto le vette del successo. Ha partecipato a vari corsi di formazione e seminari, sviluppando ulteriormente il suo talento. I premi vinti in questi anni sul muro dei successi sono decine e decine. Da diversi anni Gjapali fa parte di spettacoli che scoprono nuovi talenti in Albania, come Master Chef Albania. Viene costantemente invitato ad importanti trasmissioni televisive in qualit\u00e0 di esperto culinario e maestro del gusto.<br \/>Chi visita l&#8217;Albania non vuole andare via senza aver prima provato una delle ricette di Fundim Gjepali.<\/p>\n<p>[\/et_pb_text][et_pb_button button_url=&#8221;@ET-DC@eyJkeW5hbWljIjp0cnVlLCJjb250ZW50IjoicG9zdF9saW5rX3VybF9wYWdlIiwic2V0dGluZ3MiOnsicG9zdF9pZCI6IjQ5Mzk0In19@&#8221; button_text=&#8221;Specialit\u00e0&#8221; _builder_version=&#8221;4.17.4&#8243; _dynamic_attributes=&#8221;button_url&#8221; _module_preset=&#8221;default&#8221; custom_button=&#8221;on&#8221; button_text_size=&#8221;14px&#8221; button_text_color=&#8221;#000000&#8243; button_bg_color=&#8221;#ffffff&#8221; button_border_width=&#8221;0px&#8221; button_border_radius=&#8221;0px&#8221; button_letter_spacing=&#8221;2px&#8221; button_font=&#8221;|700||on|||||&#8221; button_icon=&#8221;&#x24;||divi||400&#8243; custom_margin=&#8221;||20px|40px|false|false&#8221; custom_padding=&#8221;20px|40px|20px|40px|true|true&#8221; animation_style=&#8221;slide&#8221; animation_direction=&#8221;right&#8221; animation_intensity_slide=&#8221;5%&#8221; box_shadow_style=&#8221;preset4&#8243; box_shadow_horizontal=&#8221;0px&#8221; box_shadow_vertical=&#8221;4px&#8221; box_shadow_color=&#8221;#d1aa0f&#8221; locked=&#8221;off&#8221; global_colors_info=&#8221;{}&#8221;]<br \/>\n[\/et_pb_button][\/et_pb_column][\/et_pb_row][\/et_pb_section][et_pb_section fb_built=&#8221;1&#8243; _builder_version=&#8221;4.17.4&#8243; _module_preset=&#8221;default&#8221; background_color=&#8221;#ededed&#8221; global_colors_info=&#8221;{}&#8221;][et_pb_row use_custom_gutter=&#8221;on&#8221; gutter_width=&#8221;2&#8243; make_equal=&#8221;on&#8221; _builder_version=&#8221;4.16&#8243; width_tablet=&#8221;90%&#8221; width_phone=&#8221;90%&#8221; width_last_edited=&#8221;off|tablet&#8221; max_width_tablet=&#8221;90%&#8221; max_width_phone=&#8221;90%&#8221; max_width_last_edited=&#8221;off|phone&#8221; custom_margin=&#8221;|||||&#8221; animation_direction=&#8221;bottom&#8221; global_colors_info=&#8221;{}&#8221;][et_pb_column type=&#8221;4_4&#8243; _builder_version=&#8221;4.16&#8243; global_colors_info=&#8221;{}&#8221;][et_pb_text _builder_version=&#8221;4.17.4&#8243; header_2_font=&#8221;Source Sans Pro|||||on|||&#8221; header_2_text_align=&#8221;center&#8221; header_2_text_color=&#8221;#000000&#8243; header_2_font_size=&#8221;33px&#8221; header_2_line_height=&#8221;1.4em&#8221; header_2_font_size_tablet=&#8221;&#8221; header_2_font_size_phone=&#8221;28px&#8221; header_2_font_size_last_edited=&#8221;on|desktop&#8221; header_2_letter_spacing_phone=&#8221;0px&#8221; header_2_letter_spacing_last_edited=&#8221;off|desktop&#8221; global_colors_info=&#8221;{}&#8221;]<\/p>\n<h2>Premi e riconoscimenti<\/h2>\n<p>[\/et_pb_text][et_pb_text _builder_version=&#8221;4.17.4&#8243; text_font=&#8221;Source Sans Pro||||||||&#8221; text_text_color=&#8221;#000000&#8243; text_font_size=&#8221;16px&#8221; text_line_height=&#8221;1.8em&#8221; text_orientation=&#8221;center&#8221; max_width=&#8221;650px&#8221; module_alignment=&#8221;center&#8221; custom_margin=&#8221;-13px||&#8221; custom_padding=&#8221;0px|||||true&#8221; custom_padding_tablet=&#8221;|30px||30px||true&#8221; custom_padding_phone=&#8221;|10px||10px||true&#8221; custom_padding_last_edited=&#8221;off|desktop&#8221; text_text_align=&#8221;center&#8221; global_colors_info=&#8221;{}&#8221;]<\/p>\n<p>Lo chef Fundim ha ricevuto numerosi premi e riconoscimenti nel corso della sua carriera.<br \/>A seguire una gallery dei premi.<\/p>\n<p>[\/et_pb_text][\/et_pb_column][\/et_pb_row][et_pb_row _builder_version=&#8221;4.17.4&#8243; _module_preset=&#8221;default&#8221; global_colors_info=&#8221;{}&#8221;][et_pb_column type=&#8221;4_4&#8243; _builder_version=&#8221;4.17.4&#8243; _module_preset=&#8221;default&#8221; global_colors_info=&#8221;{}&#8221;][wdcl_image_carousel slide_count_tablet=&#8221;2&#8243; slide_count_phone=&#8221;1&#8243; slide_count_last_edited=&#8221;on|tablet&#8221; _builder_version=&#8221;4.17.4&#8243; _module_preset=&#8221;default&#8221; global_colors_info=&#8221;{}&#8221;][wdcl_image_carousel_child photo=&#8221;https:\/\/fundimgjepali.com\/wp-content\/uploads\/2022\/07\/cmim2.jpg&#8221; _builder_version=&#8221;4.17.4&#8243; _module_preset=&#8221;default&#8221; global_colors_info=&#8221;{}&#8221;][\/wdcl_image_carousel_child][wdcl_image_carousel_child photo=&#8221;https:\/\/fundimgjepali.com\/wp-content\/uploads\/2022\/07\/DSC06104.jpg&#8221; _builder_version=&#8221;4.17.4&#8243; _module_preset=&#8221;default&#8221; global_colors_info=&#8221;{}&#8221;][\/wdcl_image_carousel_child][wdcl_image_carousel_child photo=&#8221;https:\/\/fundimgjepali.com\/wp-content\/uploads\/2022\/07\/miglior.jpg&#8221; _builder_version=&#8221;4.17.4&#8243; _module_preset=&#8221;default&#8221; global_colors_info=&#8221;{}&#8221;][\/wdcl_image_carousel_child][wdcl_image_carousel_child photo=&#8221;https:\/\/fundimgjepali.com\/wp-content\/uploads\/2022\/07\/Mjeshter.jpg&#8221; _builder_version=&#8221;4.17.4&#8243; _module_preset=&#8221;default&#8221; global_colors_info=&#8221;{}&#8221;][\/wdcl_image_carousel_child][wdcl_image_carousel_child photo=&#8221;https:\/\/fundimgjepali.com\/wp-content\/uploads\/2022\/07\/price.jpg&#8221; _builder_version=&#8221;4.17.4&#8243; _module_preset=&#8221;default&#8221; global_colors_info=&#8221;{}&#8221;][\/wdcl_image_carousel_child][wdcl_image_carousel_child photo=&#8221;https:\/\/fundimgjepali.com\/wp-content\/uploads\/2022\/07\/price2.jpg&#8221; _builder_version=&#8221;4.17.4&#8243; _module_preset=&#8221;default&#8221; global_colors_info=&#8221;{}&#8221;][\/wdcl_image_carousel_child][\/wdcl_image_carousel][\/et_pb_column][\/et_pb_row][\/et_pb_section]<\/p>\n","protected":false},"excerpt":{"rendered":"<p>La mia filosofia Ha pi\u00f9 senso mettere in tavola la solida cultura gastronomica che le tendenze, passeggere per definizione. La cucina mediterranea \u00e8 spettacolare, include grandi artigiani e materie prime che altrove puoi solo sognare.Chi \u00e8 Fundim Gjepali? Lo Chef Fundim Gjepali \u00e8 uno degli chef pi\u00f9 famosi del momento in Italia e in Albania. [&hellip;]<\/p>\n","protected":false},"author":1,"featured_media":0,"parent":0,"menu_order":0,"comment_status":"closed","ping_status":"closed","template":"","meta":{"_et_pb_use_builder":"on","_et_pb_old_content":"<!-- wp:divi\/placeholder \/-->","_et_gb_content_width":"","footnotes":""},"class_list":["post-50634","page","type-page","status-publish","hentry"],"yoast_head":"<!-- This site is optimized with the Yoast SEO plugin v26.9 - https:\/\/yoast.com\/product\/yoast-seo-wordpress\/ -->\n<title>Cultura gastronomica | Chef Fundim Gjepali<\/title>\n<meta name=\"description\" content=\"Lo chef Fundim Gjepali mette in tavola una solida cultura gastronomica della cucina mediterranea. Scopri la sua cucina.\" \/>\n<meta name=\"robots\" content=\"index, follow, max-snippet:-1, max-image-preview:large, max-video-preview:-1\" \/>\n<link rel=\"canonical\" href=\"https:\/\/fundimgjepali.com\/it\/cultura-gastronomica\/\" \/>\n<meta property=\"og:locale\" content=\"it_IT\" \/>\n<meta property=\"og:type\" content=\"article\" \/>\n<meta property=\"og:title\" content=\"Cultura gastronomica | Chef Fundim Gjepali\" \/>\n<meta property=\"og:description\" content=\"Lo chef Fundim Gjepali mette in tavola una solida cultura gastronomica della cucina mediterranea. Scopri la sua cucina.\" \/>\n<meta property=\"og:url\" content=\"https:\/\/fundimgjepali.com\/it\/cultura-gastronomica\/\" \/>\n<meta property=\"og:site_name\" content=\"Fundim Gjepali\" \/>\n<meta property=\"article:modified_time\" content=\"2022-08-05T12:52:04+00:00\" \/>\n<meta name=\"twitter:card\" content=\"summary_large_image\" \/>\n<meta name=\"twitter:label1\" content=\"Tempo di lettura stimato\" \/>\n\t<meta name=\"twitter:data1\" content=\"3 minuti\" \/>\n<script type=\"application\/ld+json\" class=\"yoast-schema-graph\">{\"@context\":\"https:\/\/schema.org\",\"@graph\":[{\"@type\":\"WebPage\",\"@id\":\"https:\/\/fundimgjepali.com\/it\/cultura-gastronomica\/\",\"url\":\"https:\/\/fundimgjepali.com\/it\/cultura-gastronomica\/\",\"name\":\"Cultura gastronomica | Chef Fundim Gjepali\",\"isPartOf\":{\"@id\":\"https:\/\/fundimgjepali.com\/#website\"},\"datePublished\":\"2022-07-13T13:05:16+00:00\",\"dateModified\":\"2022-08-05T12:52:04+00:00\",\"description\":\"Lo chef Fundim Gjepali mette in tavola una solida cultura gastronomica della cucina mediterranea. Scopri la sua cucina.\",\"breadcrumb\":{\"@id\":\"https:\/\/fundimgjepali.com\/it\/cultura-gastronomica\/#breadcrumb\"},\"inLanguage\":\"it-IT\",\"potentialAction\":[{\"@type\":\"ReadAction\",\"target\":[\"https:\/\/fundimgjepali.com\/it\/cultura-gastronomica\/\"]}]},{\"@type\":\"BreadcrumbList\",\"@id\":\"https:\/\/fundimgjepali.com\/it\/cultura-gastronomica\/#breadcrumb\",\"itemListElement\":[{\"@type\":\"ListItem\",\"position\":1,\"name\":\"Home\",\"item\":\"https:\/\/fundimgjepali.com\/it\/\"},{\"@type\":\"ListItem\",\"position\":2,\"name\":\"La filosofia\"}]},{\"@type\":\"WebSite\",\"@id\":\"https:\/\/fundimgjepali.com\/#website\",\"url\":\"https:\/\/fundimgjepali.com\/\",\"name\":\"Fundim Gjepali\",\"description\":\"Fundim Gjepali\",\"potentialAction\":[{\"@type\":\"SearchAction\",\"target\":{\"@type\":\"EntryPoint\",\"urlTemplate\":\"https:\/\/fundimgjepali.com\/?s={search_term_string}\"},\"query-input\":{\"@type\":\"PropertyValueSpecification\",\"valueRequired\":true,\"valueName\":\"search_term_string\"}}],\"inLanguage\":\"it-IT\"}]}<\/script>\n<!-- \/ Yoast SEO plugin. -->","yoast_head_json":{"title":"Cultura gastronomica | Chef Fundim Gjepali","description":"Lo chef Fundim Gjepali mette in tavola una solida cultura gastronomica della cucina mediterranea. Scopri la sua cucina.","robots":{"index":"index","follow":"follow","max-snippet":"max-snippet:-1","max-image-preview":"max-image-preview:large","max-video-preview":"max-video-preview:-1"},"canonical":"https:\/\/fundimgjepali.com\/it\/cultura-gastronomica\/","og_locale":"it_IT","og_type":"article","og_title":"Cultura gastronomica | Chef Fundim Gjepali","og_description":"Lo chef Fundim Gjepali mette in tavola una solida cultura gastronomica della cucina mediterranea. Scopri la sua cucina.","og_url":"https:\/\/fundimgjepali.com\/it\/cultura-gastronomica\/","og_site_name":"Fundim Gjepali","article_modified_time":"2022-08-05T12:52:04+00:00","twitter_card":"summary_large_image","twitter_misc":{"Tempo di lettura stimato":"3 minuti"},"schema":{"@context":"https:\/\/schema.org","@graph":[{"@type":"WebPage","@id":"https:\/\/fundimgjepali.com\/it\/cultura-gastronomica\/","url":"https:\/\/fundimgjepali.com\/it\/cultura-gastronomica\/","name":"Cultura gastronomica | Chef Fundim Gjepali","isPartOf":{"@id":"https:\/\/fundimgjepali.com\/#website"},"datePublished":"2022-07-13T13:05:16+00:00","dateModified":"2022-08-05T12:52:04+00:00","description":"Lo chef Fundim Gjepali mette in tavola una solida cultura gastronomica della cucina mediterranea. Scopri la sua cucina.","breadcrumb":{"@id":"https:\/\/fundimgjepali.com\/it\/cultura-gastronomica\/#breadcrumb"},"inLanguage":"it-IT","potentialAction":[{"@type":"ReadAction","target":["https:\/\/fundimgjepali.com\/it\/cultura-gastronomica\/"]}]},{"@type":"BreadcrumbList","@id":"https:\/\/fundimgjepali.com\/it\/cultura-gastronomica\/#breadcrumb","itemListElement":[{"@type":"ListItem","position":1,"name":"Home","item":"https:\/\/fundimgjepali.com\/it\/"},{"@type":"ListItem","position":2,"name":"La filosofia"}]},{"@type":"WebSite","@id":"https:\/\/fundimgjepali.com\/#website","url":"https:\/\/fundimgjepali.com\/","name":"Fundim Gjepali","description":"Fundim Gjepali","potentialAction":[{"@type":"SearchAction","target":{"@type":"EntryPoint","urlTemplate":"https:\/\/fundimgjepali.com\/?s={search_term_string}"},"query-input":{"@type":"PropertyValueSpecification","valueRequired":true,"valueName":"search_term_string"}}],"inLanguage":"it-IT"}]}},"_links":{"self":[{"href":"https:\/\/fundimgjepali.com\/it\/wp-json\/wp\/v2\/pages\/50634","targetHints":{"allow":["GET"]}}],"collection":[{"href":"https:\/\/fundimgjepali.com\/it\/wp-json\/wp\/v2\/pages"}],"about":[{"href":"https:\/\/fundimgjepali.com\/it\/wp-json\/wp\/v2\/types\/page"}],"author":[{"embeddable":true,"href":"https:\/\/fundimgjepali.com\/it\/wp-json\/wp\/v2\/users\/1"}],"replies":[{"embeddable":true,"href":"https:\/\/fundimgjepali.com\/it\/wp-json\/wp\/v2\/comments?post=50634"}],"version-history":[{"count":11,"href":"https:\/\/fundimgjepali.com\/it\/wp-json\/wp\/v2\/pages\/50634\/revisions"}],"predecessor-version":[{"id":51080,"href":"https:\/\/fundimgjepali.com\/it\/wp-json\/wp\/v2\/pages\/50634\/revisions\/51080"}],"wp:attachment":[{"href":"https:\/\/fundimgjepali.com\/it\/wp-json\/wp\/v2\/media?parent=50634"}],"curies":[{"name":"wp","href":"https:\/\/api.w.org\/{rel}","templated":true}]}}